{"id":9487,"date":"2020-05-08T14:04:56","date_gmt":"2020-05-08T12:04:56","guid":{"rendered":"https:\/\/trondelageuropeanoffice.no\/forside\/"},"modified":"2024-12-16T09:28:56","modified_gmt":"2024-12-16T08:28:56","slug":"forside","status":"publish","type":"page","link":"https:\/\/trondelageuropeanoffice.no\/en\/","title":{"rendered":"Home"},"content":{"rendered":"\n<h1>\n\t\tConnecting Europe and the Tr\u00f8ndelag region\n\t<\/h1>\n\t<p>Collaborate with actors from one of Norway&#8217;s most innovative regions.<\/p>\n\t\t\t<a href=\"https:\/\/trondelageuropeanoffice.no\/en\/contact\" target=\"_self\" rel=\"noopener\">\n\t\t\t\t\t\t\tGet in touch with us\n\t\t\t<\/a>\n\t\t\t<a href=\"https:\/\/trondelageuropeanoffice.no\/en\/members\" target=\"_self\" rel=\"noopener\">\n\t\t\t\t\t\t\tGet to know our members\n\t\t\t<\/a>\n<h2>\n\t\tOur Work\n\t<\/h2>\n\t<p>Tr\u00f8ndelag European Office (TEO) is a member organization serving the public and private sector in Tr\u00f8ndelag region of Norway, as well as research institutes. Our mission is to connect and mobilize our <strong><a href=\"https:\/\/trondelageuropeanoffice.no\/en\/members\">members<\/a><\/strong>\u00a0to take part in European networks and EU programmes. In addition, we seek to contribute to policy development in the EU in line with our members strengths, interests and challenges, all within the framework of the UN Sustainable Development Goals.<\/p>\n<h3>Areas of activity:<\/h3>\n<ul>\n<li>Bio- and circular economy<\/li>\n<li>Empowering citizens<\/li>\n<li>Minorities and minority languages<\/li>\n<li>Sustainable mobility<\/li>\n<li>Smart development and digitalization<\/li>\n<li>Energy<\/li>\n<li>Innovation in the public sector<\/li>\n<\/ul>\n\t\t\t<a href=\"https:\/\/trondelageuropeanoffice.no\/en\/contact\/\" target=\"_self\" rel=\"noopener\">\n\t\t\t\t\t\t\tContact us\n\t\t\t<\/a>\n\t\t\t\t<img decoding=\"async\" src=\"http:\/\/trondelageuropeanoffice.no\/wp-content\/uploads\/2020\/09\/mid-norway-18.jpg\" alt=\"Folk i en sal med et panel foran.\" itemprop=\"image\" onerror=\"this.style.display='none'\"  \/>\n\t\t\t\t<img decoding=\"async\" src=\"http:\/\/trondelageuropeanoffice.no\/wp-content\/uploads\/2024\/06\/biking-the-golden-road_fredrik-ahlsen_visitnorway-com_.png\" alt=\"To jenter som sykler i Tr\u00f8ndelag\" itemprop=\"image\" title=\"Biking - The Golden Road_Fredrik Ahlsen_Visitnorway.com\" onerror=\"this.style.display='none'\"  \/>\n\t\tPhoto: Visit Norway\n\t\t<h2>\n\t\t\tThe region of Tr\u00f8ndelag &#8211; one of the most innovative in Europe\n\t\t<\/h2>\n\t<p>Tr\u00f8ndelag is a region in the central part of Norway. We have a rich array of agricultural, forestry and marine resources.<\/p>\n<p>The population of Tr\u00f8ndelag is among the highest educated in Norway. Our region&#8217;s universities, research institutes and technological companies are key suppliers of knowledge and expertise, and Tr\u00f8ndelag was in 2019 ranked the 15th most innovative region in Europe by the\u00a0<a href=\"https:\/\/ec.europa.eu\/growth\/industry\/policy\/innovation\/regional_en\">Regional Innovation Scoreboard<\/a>. Furthermore, we are the region with the highest participation rate in Erasmus+ among Norwegian Counties.<\/p>\n<h2>\n\t\tDo you have a question?\n\t<\/h2>\n\t<p>If you have any questions related to membership or would like more information about our services and opportunities for European cooperation, please contact us.<\/p>\n\t\t\t<a href=\"https:\/\/trondelageuropeanoffice.no\/en\/contact\/\" target=\"_self\" rel=\"noopener\">\n\t\t\t\t\t\t\tGet in touch\n\t\t\t<\/a>\n\n","protected":false},"excerpt":{"rendered":"<p>Connecting Europe and the Tr\u00f8ndelag region Collaborate with actors from one of Norway&#8217;s most innovative regions. Get in touch with us Get to know our members Our Work Tr\u00f8ndelag European&#038;hellip<\/p>\n","protected":false},"author":5,"featured_media":0,"parent":0,"menu_order":10,"comment_status":"closed","ping_status":"closed","template":"","meta":{"_acf_changed":false,"_analytify_skip_tracking":false,"footnotes":""},"class_list":["post-9487","page","type-page","status-publish","hentry"],"acf":[],"yoast_head":"<!-- This site is optimized with the Yoast SEO plugin v27.2 - https:\/\/yoast.com\/product\/yoast-seo-wordpress\/ -->\n<title>Tr\u00f8ndelag European Office<\/title>\n<meta name=\"description\" content=\"Tr\u00f8ndelag European Office kobler bedrifter og organisasjoner i Tr\u00f8ndelag med Europa.\" \/>\n<meta name=\"robots\" content=\"index, follow, max-snippet:-1, max-image-preview:large, max-video-preview:-1\" \/>\n<link rel=\"canonical\" href=\"https:\/\/trondelageuropeanoffice.no\/en\/\" \/>\n<meta property=\"og:locale\" content=\"en_US\" \/>\n<meta property=\"og:type\" content=\"article\" \/>\n<meta property=\"og:title\" content=\"Tr\u00f8ndelag European Office\" \/>\n<meta property=\"og:description\" content=\"Tr\u00f8ndelag European Office kobler bedrifter og organisasjoner i Tr\u00f8ndelag med Europa.\" \/>\n<meta property=\"og:url\" content=\"https:\/\/trondelageuropeanoffice.no\/en\/\" \/>\n<meta property=\"og:site_name\" content=\"Tr\u00f8ndelag European Office\" \/>\n<meta property=\"article:publisher\" content=\"https:\/\/www.facebook.com\/MidNorway\/\" \/>\n<meta property=\"article:modified_time\" content=\"2024-12-16T08:28:56+00:00\" \/>\n<meta property=\"og:image\" content=\"http:\/\/trondelageuropeanoffice.no\/wp-content\/uploads\/2024\/06\/inderoy-straumen-_steinar-johansen-1024x683.jpg\" \/>\n<meta name=\"twitter:card\" content=\"summary_large_image\" \/>\n<meta name=\"twitter:label1\" content=\"Est. reading time\" \/>\n\t<meta name=\"twitter:data1\" content=\"2 minutes\" \/>\n<script type=\"application\/ld+json\" class=\"yoast-schema-graph\">{\"@context\":\"https:\/\/schema.org\",\"@graph\":[{\"@type\":\"WebPage\",\"@id\":\"https:\/\/trondelageuropeanoffice.no\/en\/\",\"url\":\"https:\/\/trondelageuropeanoffice.no\/en\/\",\"name\":\"Tr\u00f8ndelag European Office\",\"isPartOf\":{\"@id\":\"https:\/\/trondelageuropeanoffice.no\/en\/#website\"},\"primaryImageOfPage\":{\"@id\":\"https:\/\/trondelageuropeanoffice.no\/en\/#primaryimage\"},\"image\":{\"@id\":\"https:\/\/trondelageuropeanoffice.no\/en\/#primaryimage\"},\"thumbnailUrl\":\"http:\/\/trondelageuropeanoffice.no\/wp-content\/uploads\/2020\/09\/mid-norway-18.jpg\",\"datePublished\":\"2020-05-08T12:04:56+00:00\",\"dateModified\":\"2024-12-16T08:28:56+00:00\",\"description\":\"Tr\u00f8ndelag European Office kobler bedrifter og organisasjoner i Tr\u00f8ndelag med Europa.\",\"breadcrumb\":{\"@id\":\"https:\/\/trondelageuropeanoffice.no\/en\/#breadcrumb\"},\"inLanguage\":\"en-US\",\"potentialAction\":[{\"@type\":\"ReadAction\",\"target\":[\"https:\/\/trondelageuropeanoffice.no\/en\/\"]}]},{\"@type\":\"ImageObject\",\"inLanguage\":\"en-US\",\"@id\":\"https:\/\/trondelageuropeanoffice.no\/en\/#primaryimage\",\"url\":\"http:\/\/trondelageuropeanoffice.no\/wp-content\/uploads\/2020\/09\/mid-norway-18.jpg\",\"contentUrl\":\"http:\/\/trondelageuropeanoffice.no\/wp-content\/uploads\/2020\/09\/mid-norway-18.jpg\"},{\"@type\":\"BreadcrumbList\",\"@id\":\"https:\/\/trondelageuropeanoffice.no\/en\/#breadcrumb\",\"itemListElement\":[{\"@type\":\"ListItem\",\"position\":1,\"name\":\"Hjem\",\"item\":\"https:\/\/trondelageuropeanoffice.no\/en\/\"},{\"@type\":\"ListItem\",\"position\":2,\"name\":\"Home\"}]},{\"@type\":\"WebSite\",\"@id\":\"https:\/\/trondelageuropeanoffice.no\/en\/#website\",\"url\":\"https:\/\/trondelageuropeanoffice.no\/en\/\",\"name\":\"Tr\u00f8ndelag European Office\",\"description\":\"\",\"publisher\":{\"@id\":\"https:\/\/trondelageuropeanoffice.no\/en\/#organization\"},\"potentialAction\":[{\"@type\":\"SearchAction\",\"target\":{\"@type\":\"EntryPoint\",\"urlTemplate\":\"https:\/\/trondelageuropeanoffice.no\/en\/?s={search_term_string}\"},\"query-input\":{\"@type\":\"PropertyValueSpecification\",\"valueRequired\":true,\"valueName\":\"search_term_string\"}}],\"inLanguage\":\"en-US\"},{\"@type\":\"Organization\",\"@id\":\"https:\/\/trondelageuropeanoffice.no\/en\/#organization\",\"name\":\"Tr\u00f8ndelag European Office\",\"url\":\"https:\/\/trondelageuropeanoffice.no\/en\/\",\"logo\":{\"@type\":\"ImageObject\",\"inLanguage\":\"en-US\",\"@id\":\"https:\/\/trondelageuropeanoffice.no\/en\/#\/schema\/logo\/image\/\",\"url\":\"https:\/\/trondelageuropeanoffice.no\/wp-content\/uploads\/2024\/04\/logoer_logo-horisontal-farger.svg\",\"contentUrl\":\"https:\/\/trondelageuropeanoffice.no\/wp-content\/uploads\/2024\/04\/logoer_logo-horisontal-farger.svg\",\"width\":430,\"height\":110,\"caption\":\"Tr\u00f8ndelag European Office\"},\"image\":{\"@id\":\"https:\/\/trondelageuropeanoffice.no\/en\/#\/schema\/logo\/image\/\"},\"sameAs\":[\"https:\/\/www.facebook.com\/MidNorway\/\",\"https:\/\/www.linkedin.com\/company\/mid-norway-european-office-brussels\/\"]}]}<\/script>\n<!-- \/ Yoast SEO plugin. -->","yoast_head_json":{"title":"Tr\u00f8ndelag European Office","description":"Tr\u00f8ndelag European Office kobler bedrifter og organisasjoner i Tr\u00f8ndelag med Europa.","robots":{"index":"index","follow":"follow","max-snippet":"max-snippet:-1","max-image-preview":"max-image-preview:large","max-video-preview":"max-video-preview:-1"},"canonical":"https:\/\/trondelageuropeanoffice.no\/en\/","og_locale":"en_US","og_type":"article","og_title":"Tr\u00f8ndelag European Office","og_description":"Tr\u00f8ndelag European Office kobler bedrifter og organisasjoner i Tr\u00f8ndelag med Europa.","og_url":"https:\/\/trondelageuropeanoffice.no\/en\/","og_site_name":"Tr\u00f8ndelag European Office","article_publisher":"https:\/\/www.facebook.com\/MidNorway\/","article_modified_time":"2024-12-16T08:28:56+00:00","og_image":[{"url":"http:\/\/trondelageuropeanoffice.no\/wp-content\/uploads\/2024\/06\/inderoy-straumen-_steinar-johansen-1024x683.jpg","type":"","width":"","height":""}],"twitter_card":"summary_large_image","twitter_misc":{"Est. reading time":"2 minutes"},"schema":{"@context":"https:\/\/schema.org","@graph":[{"@type":"WebPage","@id":"https:\/\/trondelageuropeanoffice.no\/en\/","url":"https:\/\/trondelageuropeanoffice.no\/en\/","name":"Tr\u00f8ndelag European Office","isPartOf":{"@id":"https:\/\/trondelageuropeanoffice.no\/en\/#website"},"primaryImageOfPage":{"@id":"https:\/\/trondelageuropeanoffice.no\/en\/#primaryimage"},"image":{"@id":"https:\/\/trondelageuropeanoffice.no\/en\/#primaryimage"},"thumbnailUrl":"http:\/\/trondelageuropeanoffice.no\/wp-content\/uploads\/2020\/09\/mid-norway-18.jpg","datePublished":"2020-05-08T12:04:56+00:00","dateModified":"2024-12-16T08:28:56+00:00","description":"Tr\u00f8ndelag European Office kobler bedrifter og organisasjoner i Tr\u00f8ndelag med Europa.","breadcrumb":{"@id":"https:\/\/trondelageuropeanoffice.no\/en\/#breadcrumb"},"inLanguage":"en-US","potentialAction":[{"@type":"ReadAction","target":["https:\/\/trondelageuropeanoffice.no\/en\/"]}]},{"@type":"ImageObject","inLanguage":"en-US","@id":"https:\/\/trondelageuropeanoffice.no\/en\/#primaryimage","url":"http:\/\/trondelageuropeanoffice.no\/wp-content\/uploads\/2020\/09\/mid-norway-18.jpg","contentUrl":"http:\/\/trondelageuropeanoffice.no\/wp-content\/uploads\/2020\/09\/mid-norway-18.jpg"},{"@type":"BreadcrumbList","@id":"https:\/\/trondelageuropeanoffice.no\/en\/#breadcrumb","itemListElement":[{"@type":"ListItem","position":1,"name":"Hjem","item":"https:\/\/trondelageuropeanoffice.no\/en\/"},{"@type":"ListItem","position":2,"name":"Home"}]},{"@type":"WebSite","@id":"https:\/\/trondelageuropeanoffice.no\/en\/#website","url":"https:\/\/trondelageuropeanoffice.no\/en\/","name":"Tr\u00f8ndelag European Office","description":"","publisher":{"@id":"https:\/\/trondelageuropeanoffice.no\/en\/#organization"},"potentialAction":[{"@type":"SearchAction","target":{"@type":"EntryPoint","urlTemplate":"https:\/\/trondelageuropeanoffice.no\/en\/?s={search_term_string}"},"query-input":{"@type":"PropertyValueSpecification","valueRequired":true,"valueName":"search_term_string"}}],"inLanguage":"en-US"},{"@type":"Organization","@id":"https:\/\/trondelageuropeanoffice.no\/en\/#organization","name":"Tr\u00f8ndelag European Office","url":"https:\/\/trondelageuropeanoffice.no\/en\/","logo":{"@type":"ImageObject","inLanguage":"en-US","@id":"https:\/\/trondelageuropeanoffice.no\/en\/#\/schema\/logo\/image\/","url":"https:\/\/trondelageuropeanoffice.no\/wp-content\/uploads\/2024\/04\/logoer_logo-horisontal-farger.svg","contentUrl":"https:\/\/trondelageuropeanoffice.no\/wp-content\/uploads\/2024\/04\/logoer_logo-horisontal-farger.svg","width":430,"height":110,"caption":"Tr\u00f8ndelag European Office"},"image":{"@id":"https:\/\/trondelageuropeanoffice.no\/en\/#\/schema\/logo\/image\/"},"sameAs":["https:\/\/www.facebook.com\/MidNorway\/","https:\/\/www.linkedin.com\/company\/mid-norway-european-office-brussels\/"]}]}},"_links":{"self":[{"href":"https:\/\/trondelageuropeanoffice.no\/en\/wp-json\/wp\/v2\/pages\/9487","targetHints":{"allow":["GET"]}}],"collection":[{"href":"https:\/\/trondelageuropeanoffice.no\/en\/wp-json\/wp\/v2\/pages"}],"about":[{"href":"https:\/\/trondelageuropeanoffice.no\/en\/wp-json\/wp\/v2\/types\/page"}],"author":[{"embeddable":true,"href":"https:\/\/trondelageuropeanoffice.no\/en\/wp-json\/wp\/v2\/users\/5"}],"replies":[{"embeddable":true,"href":"https:\/\/trondelageuropeanoffice.no\/en\/wp-json\/wp\/v2\/comments?post=9487"}],"version-history":[{"count":0,"href":"https:\/\/trondelageuropeanoffice.no\/en\/wp-json\/wp\/v2\/pages\/9487\/revisions"}],"wp:attachment":[{"href":"https:\/\/trondelageuropeanoffice.no\/en\/wp-json\/wp\/v2\/media?parent=9487"}],"curies":[{"name":"wp","href":"https:\/\/api.w.org\/{rel}","templated":true}]}}