{"id":9510,"date":"2020-09-15T14:59:58","date_gmt":"2020-09-15T12:59:58","guid":{"rendered":"https:\/\/trondelageuropeanoffice.no\/medlemmer\/"},"modified":"2024-09-11T10:29:20","modified_gmt":"2024-09-11T08:29:20","slug":"members","status":"publish","type":"page","link":"https:\/\/trondelageuropeanoffice.no\/en\/members\/","title":{"rendered":"Members"},"content":{"rendered":"\n\n\t\t<h2>\n\t\t\tV\u00e5re medlemmer kan f\u00e5\n\t\t<\/h2>\n\t\t<h3>Kobling p\u00e5 relevante europeiske nettverk og partners\u00f8k<\/h3>\t\n\t\t<h3>Oppdateringer der du \u00f8nsker \u00e5 bygge kunnskap<\/h3>\t\n\t\t<h3>Kobling p\u00e5 det tr\u00f8nderske laget internasjonalt<\/h3>\t\n\t\t<h3>Ivaretakelse av interesser i p\u00e5virkningsarbeid p\u00e5 regelverk og strategier som utformes i EU<\/h3>\t\n\t\t<h3>Innsikt i forsknings- og innovasjonsutlysninger f\u00f8r de er offisielle<\/h3>\t\n\t\t<h3>Synlighet p\u00e5 europeiske konferanser og seminarer<\/h3>\t\n<h2>\n\t\t\u00d8nsker du \u00e5 bli medlem?\n\t<\/h2>\n\t<p>Et medlemskap hos Tr\u00f8ndelags Europakontor er relevant for kommuner, offentlige organisasjoner, n\u00e6ringsliv og FOU-akt\u00f8rer som vil bli en del av et innovativt Tr\u00f8ndelag i Europa. Som medlem f\u00e5r dere enklere tilgang til viktige beslutningsprosesser, nyttig kunnskap og relevante partnerskap.<\/p>\n\t\t\t<a href=\"https:\/\/trondelageuropeanoffice.no\/kontakt\" target=\"_self\" rel=\"noopener\">\n\t\t\t\t\t\t\tBli medlem\n\t\t\t<\/a>\n\n","protected":false},"excerpt":{"rendered":"<p>V\u00e5re medlemmer kan f\u00e5 Kobling p\u00e5 relevante europeiske nettverk og partners\u00f8k Oppdateringer der du \u00f8nsker \u00e5 bygge kunnskap Kobling p\u00e5 det tr\u00f8nderske laget internasjonalt Ivaretakelse av interesser i p\u00e5virkningsarbeid p\u00e5&#038;hellip<\/p>\n","protected":false},"author":5,"featured_media":4058,"parent":0,"menu_order":16,"comment_status":"closed","ping_status":"closed","template":"","meta":{"_acf_changed":false,"_analytify_skip_tracking":false,"footnotes":""},"class_list":["post-9510","page","type-page","status-publish","has-post-thumbnail","hentry"],"acf":[],"yoast_head":"<!-- This site is optimized with the Yoast SEO plugin v27.2 - https:\/\/yoast.com\/product\/yoast-seo-wordpress\/ -->\n<title>Members - Tr\u00f8ndelag European Office<\/title>\n<meta name=\"robots\" content=\"index, follow, max-snippet:-1, max-image-preview:large, max-video-preview:-1\" \/>\n<link rel=\"canonical\" href=\"https:\/\/trondelageuropeanoffice.no\/en\/members\/\" \/>\n<meta property=\"og:locale\" content=\"en_US\" \/>\n<meta property=\"og:type\" content=\"article\" \/>\n<meta property=\"og:title\" content=\"Members - Tr\u00f8ndelag European Office\" \/>\n<meta property=\"og:description\" content=\"V\u00e5re medlemmer kan f\u00e5 Kobling p\u00e5 relevante europeiske nettverk og partners\u00f8k Oppdateringer der du \u00f8nsker \u00e5 bygge kunnskap Kobling p\u00e5 det tr\u00f8nderske laget internasjonalt Ivaretakelse av interesser i p\u00e5virkningsarbeid p\u00e5&amp;hellip\" \/>\n<meta property=\"og:url\" content=\"https:\/\/trondelageuropeanoffice.no\/en\/members\/\" \/>\n<meta property=\"og:site_name\" content=\"Tr\u00f8ndelag European Office\" \/>\n<meta property=\"article:publisher\" content=\"https:\/\/www.facebook.com\/MidNorway\/\" \/>\n<meta property=\"article:modified_time\" content=\"2024-09-11T08:29:20+00:00\" \/>\n<meta property=\"og:image\" content=\"https:\/\/trondelageuropeanoffice.no\/wp-content\/uploads\/2020\/09\/bidbook2.png\" \/>\n\t<meta property=\"og:image:width\" content=\"1200\" \/>\n\t<meta property=\"og:image:height\" content=\"578\" \/>\n\t<meta property=\"og:image:type\" content=\"image\/png\" \/>\n<meta name=\"twitter:card\" content=\"summary_large_image\" \/>\n<meta name=\"twitter:label1\" content=\"Est. reading time\" \/>\n\t<meta name=\"twitter:data1\" content=\"1 minute\" \/>\n<script type=\"application\/ld+json\" class=\"yoast-schema-graph\">{\"@context\":\"https:\/\/schema.org\",\"@graph\":[{\"@type\":\"WebPage\",\"@id\":\"https:\/\/trondelageuropeanoffice.no\/en\/members\/\",\"url\":\"https:\/\/trondelageuropeanoffice.no\/en\/members\/\",\"name\":\"Members - Tr\u00f8ndelag European Office\",\"isPartOf\":{\"@id\":\"http:\/\/trondelageuropeanoffice.no\/en\/#website\"},\"primaryImageOfPage\":{\"@id\":\"https:\/\/trondelageuropeanoffice.no\/en\/members\/#primaryimage\"},\"image\":{\"@id\":\"https:\/\/trondelageuropeanoffice.no\/en\/members\/#primaryimage\"},\"thumbnailUrl\":\"https:\/\/trondelageuropeanoffice.no\/wp-content\/uploads\/2020\/09\/bidbook2.png\",\"datePublished\":\"2020-09-15T12:59:58+00:00\",\"dateModified\":\"2024-09-11T08:29:20+00:00\",\"breadcrumb\":{\"@id\":\"https:\/\/trondelageuropeanoffice.no\/en\/members\/#breadcrumb\"},\"inLanguage\":\"en-US\",\"potentialAction\":[{\"@type\":\"ReadAction\",\"target\":[\"https:\/\/trondelageuropeanoffice.no\/en\/members\/\"]}]},{\"@type\":\"ImageObject\",\"inLanguage\":\"en-US\",\"@id\":\"https:\/\/trondelageuropeanoffice.no\/en\/members\/#primaryimage\",\"url\":\"https:\/\/trondelageuropeanoffice.no\/wp-content\/uploads\/2020\/09\/bidbook2.png\",\"contentUrl\":\"https:\/\/trondelageuropeanoffice.no\/wp-content\/uploads\/2020\/09\/bidbook2.png\",\"width\":1200,\"height\":578},{\"@type\":\"BreadcrumbList\",\"@id\":\"https:\/\/trondelageuropeanoffice.no\/en\/members\/#breadcrumb\",\"itemListElement\":[{\"@type\":\"ListItem\",\"position\":1,\"name\":\"Hjem\",\"item\":\"https:\/\/trondelageuropeanoffice.no\/en\/\"},{\"@type\":\"ListItem\",\"position\":2,\"name\":\"Members\"}]},{\"@type\":\"WebSite\",\"@id\":\"http:\/\/trondelageuropeanoffice.no\/en\/#website\",\"url\":\"http:\/\/trondelageuropeanoffice.no\/en\/\",\"name\":\"Tr\u00f8ndelag European Office\",\"description\":\"\",\"publisher\":{\"@id\":\"http:\/\/trondelageuropeanoffice.no\/en\/#organization\"},\"potentialAction\":[{\"@type\":\"SearchAction\",\"target\":{\"@type\":\"EntryPoint\",\"urlTemplate\":\"http:\/\/trondelageuropeanoffice.no\/en\/?s={search_term_string}\"},\"query-input\":{\"@type\":\"PropertyValueSpecification\",\"valueRequired\":true,\"valueName\":\"search_term_string\"}}],\"inLanguage\":\"en-US\"},{\"@type\":\"Organization\",\"@id\":\"http:\/\/trondelageuropeanoffice.no\/en\/#organization\",\"name\":\"Tr\u00f8ndelag European Office\",\"url\":\"http:\/\/trondelageuropeanoffice.no\/en\/\",\"logo\":{\"@type\":\"ImageObject\",\"inLanguage\":\"en-US\",\"@id\":\"http:\/\/trondelageuropeanoffice.no\/en\/#\/schema\/logo\/image\/\",\"url\":\"https:\/\/trondelageuropeanoffice.no\/wp-content\/uploads\/2024\/04\/logoer_logo-horisontal-farger.svg\",\"contentUrl\":\"https:\/\/trondelageuropeanoffice.no\/wp-content\/uploads\/2024\/04\/logoer_logo-horisontal-farger.svg\",\"width\":430,\"height\":110,\"caption\":\"Tr\u00f8ndelag European Office\"},\"image\":{\"@id\":\"http:\/\/trondelageuropeanoffice.no\/en\/#\/schema\/logo\/image\/\"},\"sameAs\":[\"https:\/\/www.facebook.com\/MidNorway\/\",\"https:\/\/www.linkedin.com\/company\/mid-norway-european-office-brussels\/\"]}]}<\/script>\n<!-- \/ Yoast SEO plugin. -->","yoast_head_json":{"title":"Members - Tr\u00f8ndelag European Office","robots":{"index":"index","follow":"follow","max-snippet":"max-snippet:-1","max-image-preview":"max-image-preview:large","max-video-preview":"max-video-preview:-1"},"canonical":"https:\/\/trondelageuropeanoffice.no\/en\/members\/","og_locale":"en_US","og_type":"article","og_title":"Members - Tr\u00f8ndelag European Office","og_description":"V\u00e5re medlemmer kan f\u00e5 Kobling p\u00e5 relevante europeiske nettverk og partners\u00f8k Oppdateringer der du \u00f8nsker \u00e5 bygge kunnskap Kobling p\u00e5 det tr\u00f8nderske laget internasjonalt Ivaretakelse av interesser i p\u00e5virkningsarbeid p\u00e5&hellip","og_url":"https:\/\/trondelageuropeanoffice.no\/en\/members\/","og_site_name":"Tr\u00f8ndelag European Office","article_publisher":"https:\/\/www.facebook.com\/MidNorway\/","article_modified_time":"2024-09-11T08:29:20+00:00","og_image":[{"width":1200,"height":578,"url":"https:\/\/trondelageuropeanoffice.no\/wp-content\/uploads\/2020\/09\/bidbook2.png","type":"image\/png"}],"twitter_card":"summary_large_image","twitter_misc":{"Est. reading time":"1 minute"},"schema":{"@context":"https:\/\/schema.org","@graph":[{"@type":"WebPage","@id":"https:\/\/trondelageuropeanoffice.no\/en\/members\/","url":"https:\/\/trondelageuropeanoffice.no\/en\/members\/","name":"Members - Tr\u00f8ndelag European Office","isPartOf":{"@id":"http:\/\/trondelageuropeanoffice.no\/en\/#website"},"primaryImageOfPage":{"@id":"https:\/\/trondelageuropeanoffice.no\/en\/members\/#primaryimage"},"image":{"@id":"https:\/\/trondelageuropeanoffice.no\/en\/members\/#primaryimage"},"thumbnailUrl":"https:\/\/trondelageuropeanoffice.no\/wp-content\/uploads\/2020\/09\/bidbook2.png","datePublished":"2020-09-15T12:59:58+00:00","dateModified":"2024-09-11T08:29:20+00:00","breadcrumb":{"@id":"https:\/\/trondelageuropeanoffice.no\/en\/members\/#breadcrumb"},"inLanguage":"en-US","potentialAction":[{"@type":"ReadAction","target":["https:\/\/trondelageuropeanoffice.no\/en\/members\/"]}]},{"@type":"ImageObject","inLanguage":"en-US","@id":"https:\/\/trondelageuropeanoffice.no\/en\/members\/#primaryimage","url":"https:\/\/trondelageuropeanoffice.no\/wp-content\/uploads\/2020\/09\/bidbook2.png","contentUrl":"https:\/\/trondelageuropeanoffice.no\/wp-content\/uploads\/2020\/09\/bidbook2.png","width":1200,"height":578},{"@type":"BreadcrumbList","@id":"https:\/\/trondelageuropeanoffice.no\/en\/members\/#breadcrumb","itemListElement":[{"@type":"ListItem","position":1,"name":"Hjem","item":"https:\/\/trondelageuropeanoffice.no\/en\/"},{"@type":"ListItem","position":2,"name":"Members"}]},{"@type":"WebSite","@id":"http:\/\/trondelageuropeanoffice.no\/en\/#website","url":"http:\/\/trondelageuropeanoffice.no\/en\/","name":"Tr\u00f8ndelag European Office","description":"","publisher":{"@id":"http:\/\/trondelageuropeanoffice.no\/en\/#organization"},"potentialAction":[{"@type":"SearchAction","target":{"@type":"EntryPoint","urlTemplate":"http:\/\/trondelageuropeanoffice.no\/en\/?s={search_term_string}"},"query-input":{"@type":"PropertyValueSpecification","valueRequired":true,"valueName":"search_term_string"}}],"inLanguage":"en-US"},{"@type":"Organization","@id":"http:\/\/trondelageuropeanoffice.no\/en\/#organization","name":"Tr\u00f8ndelag European Office","url":"http:\/\/trondelageuropeanoffice.no\/en\/","logo":{"@type":"ImageObject","inLanguage":"en-US","@id":"http:\/\/trondelageuropeanoffice.no\/en\/#\/schema\/logo\/image\/","url":"https:\/\/trondelageuropeanoffice.no\/wp-content\/uploads\/2024\/04\/logoer_logo-horisontal-farger.svg","contentUrl":"https:\/\/trondelageuropeanoffice.no\/wp-content\/uploads\/2024\/04\/logoer_logo-horisontal-farger.svg","width":430,"height":110,"caption":"Tr\u00f8ndelag European Office"},"image":{"@id":"http:\/\/trondelageuropeanoffice.no\/en\/#\/schema\/logo\/image\/"},"sameAs":["https:\/\/www.facebook.com\/MidNorway\/","https:\/\/www.linkedin.com\/company\/mid-norway-european-office-brussels\/"]}]}},"_links":{"self":[{"href":"https:\/\/trondelageuropeanoffice.no\/en\/wp-json\/wp\/v2\/pages\/9510","targetHints":{"allow":["GET"]}}],"collection":[{"href":"https:\/\/trondelageuropeanoffice.no\/en\/wp-json\/wp\/v2\/pages"}],"about":[{"href":"https:\/\/trondelageuropeanoffice.no\/en\/wp-json\/wp\/v2\/types\/page"}],"author":[{"embeddable":true,"href":"https:\/\/trondelageuropeanoffice.no\/en\/wp-json\/wp\/v2\/users\/5"}],"replies":[{"embeddable":true,"href":"https:\/\/trondelageuropeanoffice.no\/en\/wp-json\/wp\/v2\/comments?post=9510"}],"version-history":[{"count":0,"href":"https:\/\/trondelageuropeanoffice.no\/en\/wp-json\/wp\/v2\/pages\/9510\/revisions"}],"wp:featuredmedia":[{"embeddable":true,"href":"https:\/\/trondelageuropeanoffice.no\/en\/wp-json\/wp\/v2\/media\/4058"}],"wp:attachment":[{"href":"https:\/\/trondelageuropeanoffice.no\/en\/wp-json\/wp\/v2\/media?parent=9510"}],"curies":[{"name":"wp","href":"https:\/\/api.w.org\/{rel}","templated":true}]}}